{"id":349,"date":"2025-03-24T10:06:42","date_gmt":"2025-03-24T10:06:42","guid":{"rendered":"https:\/\/grupo-pizarro.com\/?page_id=349"},"modified":"2026-01-28T20:01:34","modified_gmt":"2026-01-28T20:01:34","slug":"sobre-nosotros-2","status":"publish","type":"page","link":"http:\/\/grupo-pizarro.com\/inicio\/sobre-nosotros-2\/","title":{"rendered":"Sobre nosotros"},"content":{"rendered":"<div class=\"et_pb_section_0 et_pb_section et_section_regular et_block_section\"><div class=\"et_pb_row_0 et_pb_row et_block_row et_animated\"><div class=\"et_pb_column_0 et_pb_column et_pb_column_4_4 et-last-child et_block_column et_pb_css_mix_blend_mode_passthrough\"><div class=\"et_pb_text_0 et_pb_text et_pb_bg_layout_light et_pb_module et_block_module\"><div class=\"et_pb_text_inner\"><h2>\u00bfQuienes somos?<\/h2>\n<p>&nbsp;<\/p>\n<\/div><\/div><div class=\"et_pb_text_1 et_pb_text et_pb_bg_layout_light et_pb_module et_block_module et_pb_text_align_center\"><div class=\"et_pb_text_inner\"><p data-start=\"218\" data-end=\"425\" class=\"\">En <strong data-start=\"104\" data-end=\"121\">Grupo Pizarro<\/strong> llevamos m\u00e1s de <strong data-start=\"138\" data-end=\"238\">10 a\u00f1os ofreciendo soluciones profesionales en fontaner\u00eda sin obras y rehabilitaci\u00f3n de bajantes<\/strong>.\u00a0Nos especializamos en intervenciones limpias, r\u00e1pidas y sin demoliciones, utilizando tecnolog\u00eda avanzada para garantizar resultados duraderos.<\/p>\n<p data-start=\"438\" data-end=\"641\">\n<\/div><\/div><\/div><\/div><\/div><div class=\"et_pb_section_1 et_pb_section et_section_regular et_block_section\"><div class=\"et_pb_row_1 et_pb_row et_block_row et_animated\"><div class=\"et_pb_column_1 et_pb_column et_pb_column_4_4 et-last-child et_block_column et_pb_css_mix_blend_mode_passthrough\"><div class=\"et_pb_text_2 et_pb_text et_pb_bg_layout_light et_pb_module et_block_module\"><div class=\"et_pb_text_inner\"><h2>Nuestro equipo<\/h2>\n<p>&nbsp;<\/p>\n<\/div><\/div><\/div><\/div><div class=\"et_pb_row_2 et_pb_row et_block_row et_animated\"><div class=\"et_pb_column_2 et_pb_column et_pb_column_1_2 et_block_column et_pb_css_mix_blend_mode_passthrough\"><div class=\"et_pb_text_3 et_pb_text et_pb_bg_layout_light et_pb_module et_block_module et_pb_text_align_center\"><div class=\"et_pb_text_inner\"><p data-start=\"202\" data-end=\"584\" class=\"\" style=\"text-align: justify;\"><span style=\"color: #000000;\">En <strong data-start=\"205\" data-end=\"222\">Grupo Pizarro<\/strong>, nuestra base es la <strong data-start=\"243\" data-end=\"311\">experiencia en fontaner\u00eda sin obras y rehabilitaci\u00f3n de bajantes<\/strong>, pero lo que nos hace diferentes es el equipo que hay detr\u00e1s.<\/span><br data-start=\"373\" data-end=\"376\" \/><span style=\"color: #000000;\">Contamos con <strong data-start=\"389\" data-end=\"425\">profesionales de distintas \u00e1reas<\/strong>: ingenieros, arquitectos, dise\u00f1adores y t\u00e9cnicos especializados, que trabajan de forma coordinada para ofrecer <strong data-start=\"537\" data-end=\"583\" data-is-only-node=\"\">soluciones completas, limpias y eficientes<\/strong>.<\/span><\/p>\n<p data-start=\"586\" data-end=\"930\" class=\"\" style=\"text-align: justify;\"><span style=\"color: #000000;\">Gracias a nuestro <strong data-start=\"604\" data-end=\"629\">equipo de obra propio<\/strong>, podemos garantizar <strong data-start=\"650\" data-end=\"706\">mayor control, rapidez de respuesta y m\u00e1xima calidad<\/strong> tanto en intervenciones t\u00e9cnicas como en <strong data-start=\"748\" data-end=\"771\">reformas integrales<\/strong>.<\/span><br data-start=\"772\" data-end=\"775\" \/><span style=\"color: #000000;\">Porque cuando se combinan la <strong data-start=\"804\" data-end=\"828\" data-is-only-node=\"\">tecnolog\u00eda sin obras<\/strong> con una ejecuci\u00f3n bien organizada, los resultados son duraderos y sin complicaciones para el cliente.<\/span><\/p>\n<\/div><\/div><\/div><div class=\"et_pb_column_3 et_pb_column et_pb_column_1_2 et-last-child et_block_column et_pb_css_mix_blend_mode_passthrough\"><div class=\"et_pb_gallery_0 et_pb_gallery et_pb_bg_layout_light et_pb_gallery_grid et_pb_module\" data-auto-rotate=\"off\" data-auto-rotate-speed=\"\"><div class=\"et_pb_gallery_items et_post_gallery clearfix et_grid_module\" data-per_page=\"4\"><div class=\"et_pb_gallery_item et_pb_grid_item et_pb_gallery_item_0_0\"><div class=\"et_pb_gallery_image landscape\" data-per_page=\"4\"><a href=\"http:\/\/grupo-pizarro.com\/wp-content\/uploads\/2025\/03\/pexels-anilkarakaya-6419128-scaled.jpg\" title=\"pexels-anilkarakaya-6419128\"><img loading=\"lazy\" decoding=\"async\" width=\"1080\" height=\"675\" src=\"http:\/\/grupo-pizarro.com\/wp-content\/uploads\/2025\/03\/pexels-anilkarakaya-6419128-1080x675.jpg\" alt=\"\" class=\"wp-image-136\" srcset=\"http:\/\/grupo-pizarro.com\/wp-content\/uploads\/2025\/03\/pexels-anilkarakaya-6419128-scaled.jpg 479w, http:\/\/grupo-pizarro.com\/wp-content\/uploads\/2025\/03\/pexels-anilkarakaya-6419128-1080x675.jpg 480w\" sizes=\"(max-width:479px) 479px, 100vw\" \/><span class=\"et_overlay\" data-icon=\"\" data-icon-tablet=\"\" data-icon-phone=\"\"><\/span><\/a><\/div><\/div><div class=\"et_pb_gallery_item et_pb_grid_item et_pb_gallery_item_0_1\"><div class=\"et_pb_gallery_image landscape\" data-per_page=\"4\"><a href=\"http:\/\/grupo-pizarro.com\/wp-content\/uploads\/2025\/03\/55837.jpg\" title=\"55837\"><img loading=\"lazy\" decoding=\"async\" width=\"1080\" height=\"675\" src=\"http:\/\/grupo-pizarro.com\/wp-content\/uploads\/2025\/03\/55837-1080x675.jpg\" alt=\"\" class=\"wp-image-134\" srcset=\"http:\/\/grupo-pizarro.com\/wp-content\/uploads\/2025\/03\/55837.jpg 479w, http:\/\/grupo-pizarro.com\/wp-content\/uploads\/2025\/03\/55837-1080x675.jpg 480w\" sizes=\"(max-width:479px) 479px, 100vw\" \/><span class=\"et_overlay\" data-icon=\"\" data-icon-tablet=\"\" data-icon-phone=\"\"><\/span><\/a><\/div><\/div><div class=\"et_pb_gallery_item et_pb_grid_item et_pb_gallery_item_0_2\"><div class=\"et_pb_gallery_image landscape\" data-per_page=\"4\"><a href=\"http:\/\/grupo-pizarro.com\/wp-content\/uploads\/2025\/03\/plumber-22.jpg\" title=\"plumber-22\"><img loading=\"lazy\" decoding=\"async\" width=\"1080\" height=\"675\" src=\"http:\/\/grupo-pizarro.com\/wp-content\/uploads\/2025\/03\/plumber-22-1080x675.jpg\" alt=\"\" class=\"wp-image-252\" srcset=\"http:\/\/grupo-pizarro.com\/wp-content\/uploads\/2025\/03\/plumber-22.jpg 479w, http:\/\/grupo-pizarro.com\/wp-content\/uploads\/2025\/03\/plumber-22-1080x675.jpg 480w\" sizes=\"(max-width:479px) 479px, 100vw\" \/><span class=\"et_overlay\" data-icon=\"\" data-icon-tablet=\"\" data-icon-phone=\"\"><\/span><\/a><\/div><\/div><div class=\"et_pb_gallery_item et_pb_grid_item et_pb_gallery_item_0_3\"><div class=\"et_pb_gallery_image landscape\" data-per_page=\"4\"><a href=\"http:\/\/grupo-pizarro.com\/wp-content\/uploads\/2025\/03\/plumber-08.jpg\" title=\"plumber-08\"><img loading=\"lazy\" decoding=\"async\" width=\"1080\" height=\"675\" src=\"http:\/\/grupo-pizarro.com\/wp-content\/uploads\/2025\/03\/plumber-08-1080x675.jpg\" alt=\"\" class=\"wp-image-265\" srcset=\"http:\/\/grupo-pizarro.com\/wp-content\/uploads\/2025\/03\/plumber-08.jpg 479w, http:\/\/grupo-pizarro.com\/wp-content\/uploads\/2025\/03\/plumber-08-1080x675.jpg 480w\" sizes=\"(max-width:479px) 479px, 100vw\" \/><span class=\"et_overlay\" data-icon=\"\" data-icon-tablet=\"\" data-icon-phone=\"\"><\/span><\/a><\/div><\/div><div class=\"et_pb_gallery_item et_pb_grid_item et_pb_gallery_item_0_4\"><div class=\"et_pb_gallery_image landscape\" data-per_page=\"4\"><a href=\"http:\/\/grupo-pizarro.com\/wp-content\/uploads\/2025\/03\/fugas-1-1.jpg\" title=\"fugas-1\"><img loading=\"lazy\" decoding=\"async\" width=\"1080\" height=\"675\" src=\"http:\/\/grupo-pizarro.com\/wp-content\/uploads\/2025\/03\/fugas-1-1-1080x675.jpg\" alt=\"\" class=\"wp-image-135\" srcset=\"http:\/\/grupo-pizarro.com\/wp-content\/uploads\/2025\/03\/fugas-1-1.jpg 479w, http:\/\/grupo-pizarro.com\/wp-content\/uploads\/2025\/03\/fugas-1-1-1080x675.jpg 480w\" sizes=\"(max-width:479px) 479px, 100vw\" \/><span class=\"et_overlay\" data-icon=\"\" data-icon-tablet=\"\" data-icon-phone=\"\"><\/span><\/a><\/div><\/div><div class=\"et_pb_gallery_item et_pb_grid_item et_pb_gallery_item_0_5\"><div class=\"et_pb_gallery_image landscape\" data-per_page=\"4\"><a href=\"http:\/\/grupo-pizarro.com\/wp-content\/uploads\/2025\/03\/5268.jpg\" title=\"5268\"><img loading=\"lazy\" decoding=\"async\" width=\"1080\" height=\"675\" src=\"http:\/\/grupo-pizarro.com\/wp-content\/uploads\/2025\/03\/5268-1080x675.jpg\" alt=\"\" class=\"wp-image-133\" srcset=\"http:\/\/grupo-pizarro.com\/wp-content\/uploads\/2025\/03\/5268.jpg 479w, http:\/\/grupo-pizarro.com\/wp-content\/uploads\/2025\/03\/5268-1080x675.jpg 480w\" sizes=\"(max-width:479px) 479px, 100vw\" \/><span class=\"et_overlay\" data-icon=\"\" data-icon-tablet=\"\" data-icon-phone=\"\"><\/span><\/a><\/div><\/div><\/div><\/div><\/div><\/div><\/div><div class=\"et_pb_section_2 et_pb_section et_section_regular et_block_section\"><div class=\"et_pb_row_3 et_pb_row et_block_row et_animated\"><div class=\"et_pb_column_4 et_pb_column et_pb_column_4_4 et-last-child et_block_column et_pb_css_mix_blend_mode_passthrough\"><div class=\"et_pb_text_4 et_pb_text et_pb_bg_layout_light et_pb_module et_block_module\"><div class=\"et_pb_text_inner\"><h2>Razones para elegirnos<\/h2>\n<p>&nbsp;<\/p>\n<\/div><\/div><div class=\"et_pb_text_5 et_pb_text et_pb_bg_layout_light et_pb_module et_block_module et_pb_text_align_center\"><div class=\"et_pb_text_inner\"><p>En <strong data-start=\"2142\" data-end=\"2159\">Grupo Pizarro<\/strong>, entendemos que cada reforma es un proyecto \u00fanico. Escuchamos a nuestros clientes, nos adaptamos a sus necesidades y ofrecemos soluciones que combinan <strong data-start=\"2311\" data-end=\"2365\">dise\u00f1o, funcionalidad y excelencia en cada detalle<\/strong>.<\/p>\n<\/div><\/div><\/div><\/div><div class=\"et_pb_row_4 et_pb_row et_pb_row_4col et_pb_equal_columns et_pb_gutters2 et_block_row et_animated\"><div class=\"et_pb_column_5 et_pb_column et_pb_column_1_4 et_block_column et_pb_css_mix_blend_mode_passthrough\"><div class=\"et_pb_icon_0 et_pb_icon et_pb_module et_block_module\"><span class=\"et_pb_icon_wrap\"><span class=\"et-pb-icon\">\ue052<\/span><\/span><\/div><div class=\"et_pb_text_6 et_pb_text et_pb_bg_layout_light et_pb_module et_block_module et_pb_text_align_center preset--module--divi-text--9b8da5be-74e4-431d-b848-63f55ad327f2\"><div class=\"et_pb_text_inner\"><h3>Calidad garantizada<\/h3>\n<\/div><\/div><div class=\"et_pb_text_7 et_pb_text et_pb_bg_layout_light et_pb_module et_block_module et_pb_text_align_center preset--module--divi-text--f88a8146-ce9a-4ee9-831d-2952e5f58297\"><div class=\"et_pb_text_inner\"><p>Materiales de primera y acabados impecables.<\/p>\n<\/div><\/div><\/div><div class=\"et_pb_column_6 et_pb_column et_pb_column_1_4 et_block_column et_pb_css_mix_blend_mode_passthrough\"><div class=\"et_pb_icon_1 et_pb_icon et_pb_module et_block_module\"><span class=\"et_pb_icon_wrap\"><span class=\"et-pb-icon\">\uf251<\/span><\/span><\/div><div class=\"et_pb_text_8 et_pb_text et_pb_bg_layout_light et_pb_module et_block_module et_pb_text_align_center preset--module--divi-text--9b8da5be-74e4-431d-b848-63f55ad327f2\"><div class=\"et_pb_text_inner\"><h3>Cumplimiento de plazos<\/h3>\n<\/div><\/div><div class=\"et_pb_text_9 et_pb_text et_pb_bg_layout_light et_pb_module et_block_module et_pb_text_align_center preset--module--divi-text--f88a8146-ce9a-4ee9-831d-2952e5f58297\"><div class=\"et_pb_text_inner\"><div class=\"bg-background p-6 md:p-8 rounded-2xl shadow-lg hover:shadow-xl transition-shadow\">\n<p class=\"text-sm md:text-base text-textSecondary\">\u00a0Nos comprometemos con tiempos \u00f3ptimos de entrega.<\/p>\n<\/div>\n<\/div><\/div><\/div><div class=\"et_pb_column_7 et_pb_column et_pb_column_1_4 et_block_column et_pb_css_mix_blend_mode_passthrough\"><div class=\"et_pb_icon_2 et_pb_icon et_pb_module et_block_module\"><span class=\"et_pb_icon_wrap\"><span class=\"et-pb-icon\">\uf4f9<\/span><\/span><\/div><div class=\"et_pb_text_10 et_pb_text et_pb_bg_layout_light et_pb_module et_block_module et_pb_text_align_center preset--module--divi-text--9b8da5be-74e4-431d-b848-63f55ad327f2\"><div class=\"et_pb_text_inner\"><h3>Atenci\u00f3n personalizada<\/h3>\n<\/div><\/div><div class=\"et_pb_text_11 et_pb_text et_pb_bg_layout_light et_pb_module et_block_module et_pb_text_align_center preset--module--divi-text--f88a8146-ce9a-4ee9-831d-2952e5f58297\"><div class=\"et_pb_text_inner\"><div class=\"bg-background p-6 md:p-8 rounded-2xl shadow-lg hover:shadow-xl transition-shadow\">\n<p class=\"text-sm md:text-base text-textSecondary\">Te acompa\u00f1amos en todo el proceso.<\/p>\n<\/div>\n<\/div><\/div><\/div><div class=\"et_pb_column_8 et_pb_column et_pb_column_1_4 et-last-child et_block_column et_pb_css_mix_blend_mode_passthrough\"><div class=\"et_pb_icon_3 et_pb_icon et_pb_module et_block_module\"><span class=\"et_pb_icon_wrap\"><span class=\"et-pb-icon\">\uf508<\/span><\/span><\/div><div class=\"et_pb_text_12 et_pb_text et_pb_bg_layout_light et_pb_module et_block_module et_pb_text_align_center preset--module--divi-text--9b8da5be-74e4-431d-b848-63f55ad327f2\"><div class=\"et_pb_text_inner\"><h3>Experiencia y profesionalismo<\/h3>\n<\/div><\/div><div class=\"et_pb_text_13 et_pb_text et_pb_bg_layout_light et_pb_module et_block_module et_pb_text_align_center preset--module--divi-text--f88a8146-ce9a-4ee9-831d-2952e5f58297\"><div class=\"et_pb_text_inner\"><section id=\"proceso\" class=\"py-16 md:py-24 bg-white\">\n<div class=\"max-w-7xl mx-auto px-4 sm:px-6 lg:px-8\">\n<div class=\"grid grid-cols-1 sm:grid-cols-2 lg:grid-cols-4 gap-6 md:gap-8\">\n<div class=\"bg-background p-6 md:p-8 rounded-2xl shadow-lg hover:shadow-xl transition-shadow\">\n<p class=\"text-sm md:text-base text-textSecondary\">M\u00e1s de 10 a\u00f1os en el sector de las reformas.<\/p>\n<\/div>\n<\/div>\n<\/div>\n<\/section>\n<section id=\"como-funciona\" class=\"py-16 md:py-24 bg-primary\/10 blue-section\">\n<div class=\"max-w-7xl mx-auto px-4 sm:px-6 lg:px-8\">\n<div class=\"text-center mb-12 md:mb-16\"><\/div>\n<\/div>\n<\/section>\n<\/div><\/div><\/div><\/div><div class=\"et_pb_row_5 et_pb_row et_block_row\"><div class=\"et_pb_column_9 et_pb_column et_pb_column_4_4 et-last-child et_block_column et_pb_css_mix_blend_mode_passthrough\"><div class=\"et_pb_module et_pb_button_module_wrapper et_pb_button_0_wrapper\"><a class=\"et_pb_button_0 et_pb_button et_pb_bg_layout_light et_pb_module et_block_module\" href=\"\" data-icon=\"$\">Solicita tu presupuesto gratis<\/a><\/div><\/div><\/div><\/div><div class=\"et_pb_section_3 et_pb_section et_section_regular et_block_section\"><div class=\"et_pb_row_6 et_pb_row et_pb_equal_columns et_pb_gutters2 et_block_row et_animated\"><div class=\"et_pb_column_10 et_pb_column et_pb_column_1_3 et_block_column et_pb_css_mix_blend_mode_passthrough\"><div class=\"et_pb_text_14 et_pb_text et_pb_bg_layout_light et_pb_module et_block_module et_pb_text_align_center preset--module--divi-text--9b8da5be-74e4-431d-b848-63f55ad327f2\"><div class=\"et_pb_text_inner\"><h3 data-start=\"161\" data-end=\"186\" class=\"\">\ud83c\udfaf <strong data-start=\"168\" data-end=\"186\">Nuestra Misi\u00f3n<\/strong><\/h3>\n<p data-start=\"188\" data-end=\"541\" class=\"\">\n<\/div><\/div><div class=\"et_pb_text_15 et_pb_text et_pb_bg_layout_light et_pb_module et_block_module et_pb_text_align_center preset--module--divi-text--f88a8146-ce9a-4ee9-831d-2952e5f58297\"><div class=\"et_pb_text_inner\"><div class=\"col-lg-4\">\n<div class=\"px-2 px-md-3 mb-4 bsombra1 d-flex flex-column align-items-center justify-content-center text-center  flex-fill\">\n<p class=\"servicios\"><span style=\"color: #000000;\">En <strong data-start=\"191\" data-end=\"208\">Grupo Pizarro<\/strong>, nuestra misi\u00f3n es ofrecer soluciones eficientes, limpias y duraderas en cada intervenci\u00f3n. Nos apoyamos en tecnolog\u00eda avanzada y en un equipo altamente cualificado para brindar un servicio de <strong data-start=\"404\" data-end=\"441\">alta calidad, sin obras invasivas<\/strong>, que garantice la <strong data-start=\"460\" data-end=\"502\">tranquilidad, comodidad y satisfacci\u00f3n<\/strong> de nuestros clientes en cada proyecto.<\/span><\/p>\n<\/div>\n<\/div>\n<div class=\"col-lg-4\">\n<div class=\"px-2 px-md-3 mb-4 bsombra1 d-flex flex-column align-items-center justify-content-center text-center flex-fill\"><\/div>\n<\/div>\n<\/div><\/div><\/div><div class=\"et_pb_column_11 et_pb_column et_pb_column_1_3 et_block_column et_pb_css_mix_blend_mode_passthrough\"><div class=\"et_pb_text_16 et_pb_text et_pb_bg_layout_light et_pb_module et_block_module et_pb_text_align_center preset--module--divi-text--9b8da5be-74e4-431d-b848-63f55ad327f2\"><div class=\"et_pb_text_inner\"><h3 data-start=\"548\" data-end=\"574\" class=\"\">\ud83d\udc41\ufe0f <strong data-start=\"556\" data-end=\"574\">Nuestra Visi\u00f3n<\/strong><\/h3>\n<p data-start=\"576\" data-end=\"903\" class=\"\">\n<\/div><\/div><div class=\"et_pb_text_17 et_pb_text et_pb_bg_layout_light et_pb_module et_block_module et_pb_text_align_center preset--module--divi-text--f88a8146-ce9a-4ee9-831d-2952e5f58297\"><div class=\"et_pb_text_inner\"><div class=\"bg-background p-6 md:p-8 rounded-2xl shadow-lg hover:shadow-xl transition-shadow\">\n<div class=\"flex-col gap-1 md:gap-3\">\n<div class=\"flex max-w-full flex-col flex-grow\">\n<div data-message-author-role=\"assistant\" data-message-id=\"a7f20b19-ee71-458c-a4a3-fb683fef87e3\" dir=\"auto\" class=\"min-h-8 text-message relative flex w-full flex-col items-end gap-2 whitespace-normal break-words text-start [.text-message+&amp;]:mt-5\" data-message-model-slug=\"gpt-4o\">\n<div class=\"flex w-full flex-col gap-1 empty:hidden first:pt-[3px]\">\n<div class=\"markdown prose w-full break-words dark:prose-invert dark\">\n<p data-start=\"576\" data-end=\"903\" class=\"\"><span style=\"color: #000000;\">Aspiramos a consolidarnos como la empresa de referencia en <strong data-start=\"635\" data-end=\"688\">fontaner\u00eda sin obras y rehabilitaci\u00f3n de bajantes<\/strong> en Madrid y sus alrededores. Queremos ser reconocidos por ofrecer un servicio integral, r\u00e1pido y sin complicaciones, adapt\u00e1ndonos a las necesidades reales de hogares, comunidades, empresas y espacios comerciales.<\/span><\/p>\n<\/div>\n<\/div>\n<\/div>\n<\/div>\n<\/div>\n<div class=\"keyword-surfer\">\n<div class=\"flex items-center gap-[6px]\"><\/div>\n<\/div>\n<\/div>\n<\/div><\/div><\/div><div class=\"et_pb_column_12 et_pb_column et_pb_column_1_3 et-last-child et_block_column et_pb_css_mix_blend_mode_passthrough\"><div class=\"et_pb_text_18 et_pb_text et_pb_bg_layout_light et_pb_module et_block_module et_pb_text_align_center preset--module--divi-text--9b8da5be-74e4-431d-b848-63f55ad327f2\"><div class=\"et_pb_text_inner\"><h3 data-start=\"910\" data-end=\"937\" class=\"\">\ud83d\udc8e <strong data-start=\"917\" data-end=\"937\">Nuestros Valores<\/strong><\/h3>\n<p data-start=\"939\" data-end=\"1075\" class=\"\">\n<\/div><\/div><div class=\"et_pb_text_19 et_pb_text et_pb_bg_layout_light et_pb_module et_block_module et_pb_text_align_center preset--module--divi-text--f88a8146-ce9a-4ee9-831d-2952e5f58297\"><div class=\"et_pb_text_inner\"><div class=\"bg-background p-6 md:p-8 rounded-2xl shadow-lg hover:shadow-xl transition-shadow\">\n<p data-start=\"1077\" data-end=\"1491\" class=\"\" style=\"text-align: left;\"><span style=\"color: #000000;\">\u2705 <strong data-start=\"1079\" data-end=\"1092\">Confianza<\/strong> \u2013 Cumplimos lo que prometemos.<\/span><br data-start=\"1123\" data-end=\"1126\" \/><span style=\"color: #000000;\">\u2705 <strong data-start=\"1128\" data-end=\"1139\">Calidad<\/strong> \u2013 Trabajamos con materiales y t\u00e9cnicas de alto nivel.<\/span><br data-start=\"1193\" data-end=\"1196\" \/><span style=\"color: #000000;\">\u2705 <strong data-start=\"1198\" data-end=\"1212\">Innovaci\u00f3n<\/strong> \u2013 Apostamos por soluciones modernas y sin obras.<\/span><br data-start=\"1261\" data-end=\"1264\" \/><span style=\"color: #000000;\">\u2705 <strong data-start=\"1266\" data-end=\"1283\">Transparencia<\/strong> \u2013 Comunicaci\u00f3n clara y presupuestos sin sorpresas.<\/span><br data-start=\"1334\" data-end=\"1337\" \/><span style=\"color: #000000;\">\u2705 <strong data-start=\"1339\" data-end=\"1359\">Limpieza y orden<\/strong> \u2013 Dejamos los espacios tal como nos gustar\u00eda encontrarlos.<\/span><br data-start=\"1418\" data-end=\"1421\" \/><span style=\"color: #000000;\">\u2705 <strong data-start=\"1423\" data-end=\"1444\">Compromiso humano<\/strong> \u2013 Tratamos cada proyecto como si fuera propio<\/span><\/p>\n<\/div>\n<\/div><\/div><\/div><\/div><\/div>","protected":false},"excerpt":{"rendered":"","protected":false},"author":1,"featured_media":0,"parent":0,"menu_order":0,"comment_status":"closed","ping_status":"closed","template":"","meta":{"footnotes":""},"class_list":["post-349","page","type-page","status-publish","hentry"],"_links":{"self":[{"href":"http:\/\/grupo-pizarro.com\/inicio\/wp-json\/wp\/v2\/pages\/349","targetHints":{"allow":["GET"]}}],"collection":[{"href":"http:\/\/grupo-pizarro.com\/inicio\/wp-json\/wp\/v2\/pages"}],"about":[{"href":"http:\/\/grupo-pizarro.com\/inicio\/wp-json\/wp\/v2\/types\/page"}],"author":[{"embeddable":true,"href":"http:\/\/grupo-pizarro.com\/inicio\/wp-json\/wp\/v2\/users\/1"}],"replies":[{"embeddable":true,"href":"http:\/\/grupo-pizarro.com\/inicio\/wp-json\/wp\/v2\/comments?post=349"}],"version-history":[{"count":7,"href":"http:\/\/grupo-pizarro.com\/inicio\/wp-json\/wp\/v2\/pages\/349\/revisions"}],"predecessor-version":[{"id":455,"href":"http:\/\/grupo-pizarro.com\/inicio\/wp-json\/wp\/v2\/pages\/349\/revisions\/455"}],"wp:attachment":[{"href":"http:\/\/grupo-pizarro.com\/inicio\/wp-json\/wp\/v2\/media?parent=349"}],"curies":[{"name":"wp","href":"https:\/\/api.w.org\/{rel}","templated":true}]}}